{"id":5766,"date":"2017-02-16T20:27:58","date_gmt":"2017-02-16T18:27:58","guid":{"rendered":"https:\/\/buildnrelaxgreece.com\/conseil\/"},"modified":"2024-08-06T16:45:50","modified_gmt":"2024-08-06T13:45:50","slug":"conseil","status":"publish","type":"page","link":"https:\/\/buildnrelaxgreece.com\/fr\/conseil\/","title":{"rendered":"Conseil"},"content":{"rendered":"<p><div class=\"fusion-fullwidth fullwidth-box fusion-builder-row-1 hundred-percent-fullwidth non-hundred-percent-height-scrolling\" style=\"--awb-background-position:left top;--awb-border-radius-top-left:0px;--awb-border-radius-top-right:0px;--awb-border-radius-bottom-right:0px;--awb-border-radius-bottom-left:0px;--awb-padding-top:50px;--awb-padding-right:40px;--awb-padding-bottom:10px;--awb-padding-left:40px;--awb-border-sizes-top:0px;--awb-border-sizes-bottom:0px;--awb-flex-wrap:wrap;\" ><div class=\"fusion-builder-row fusion-row\"><div class=\"fusion-layout-column fusion_builder_column fusion-builder-column-0 fusion_builder_column_1_1 1_1 fusion-one-full fusion-column-first fusion-column-last\" style=\"--awb-bg-size:cover;--awb-margin-bottom:0px;\"><div class=\"fusion-column-wrapper fusion-flex-column-wrapper-legacy\"><div class=\"fusion-text fusion-text-1\"><h2 style=\"text-align: center;\"><strong>Conseil en b\u00e2timent  travaux<\/strong><\/h2>\n<\/div><div class=\"fusion-clearfix\"><\/div><\/div><\/div><\/div><\/div><div class=\"fusion-fullwidth fullwidth-box fusion-builder-row-2 hundred-percent-fullwidth non-hundred-percent-height-scrolling\" style=\"--awb-background-position:left top;--awb-border-radius-top-left:0px;--awb-border-radius-top-right:0px;--awb-border-radius-bottom-right:0px;--awb-border-radius-bottom-left:0px;--awb-padding-top:0px;--awb-padding-right:40px;--awb-padding-bottom:0px;--awb-padding-left:40px;--awb-border-sizes-top:0px;--awb-border-sizes-bottom:0px;--awb-flex-wrap:wrap;\" ><div class=\"fusion-builder-row fusion-row\"><div class=\"fusion-layout-column fusion_builder_column fusion-builder-column-1 fusion_builder_column_1_6 1_6 fusion-one-sixth fusion-column-first\" style=\"--awb-bg-size:cover;width:13.3333%; margin-right: 4%;\"><div class=\"fusion-column-wrapper fusion-flex-column-wrapper-legacy\"><div class=\"fusion-image-carousel fusion-image-carousel-auto fusion-image-carousel-1 lightbox-enabled\"><div class=\"awb-carousel awb-swiper awb-swiper-carousel\" data-autoplay=\"no\" data-columns=\"1\" data-itemmargin=\"13\" data-itemwidth=\"180\" data-touchscroll=\"no\" data-imagesize=\"auto\" style=\"--awb-columns:1;\"><div class=\"swiper-wrapper awb-image-carousel-wrapper fusion-flex-align-items-center\"><div class=\"swiper-slide\"><div class=\"fusion-carousel-item-wrapper\"><div class=\"fusion-image-wrapper hover-type-none\"><a data-rel=\"iLightbox[image_carousel_1]\" href=\"http:\/\/buildnrelaxgreece.com\/wp-content\/uploads\/2017\/02\/consultance_employer_constructor01.jpg\" target=\"_self\"><img decoding=\"async\" src=\"http:\/\/buildnrelaxgreece.com\/wp-content\/uploads\/2017\/02\/consultance_employer_constructor01.jpg\" alt=\"\"\/><\/a><\/div><\/div><\/div><div class=\"swiper-slide\"><div class=\"fusion-carousel-item-wrapper\"><div class=\"fusion-image-wrapper hover-type-none\"><a data-rel=\"iLightbox[image_carousel_1]\" href=\"http:\/\/buildnrelaxgreece.com\/wp-content\/uploads\/2017\/02\/consultance_employer_constructor02.jpg\" target=\"_self\"><img decoding=\"async\" src=\"http:\/\/buildnrelaxgreece.com\/wp-content\/uploads\/2017\/02\/consultance_employer_constructor02.jpg\" alt=\"\"\/><\/a><\/div><\/div><\/div><div class=\"swiper-slide\"><div class=\"fusion-carousel-item-wrapper\"><div class=\"fusion-image-wrapper hover-type-none\"><a data-rel=\"iLightbox[image_carousel_1]\" href=\"http:\/\/buildnrelaxgreece.com\/wp-content\/uploads\/2017\/02\/consultance_employer_constructor03.jpg\" target=\"_self\"><img decoding=\"async\" src=\"http:\/\/buildnrelaxgreece.com\/wp-content\/uploads\/2017\/02\/consultance_employer_constructor03.jpg\" alt=\"\"\/><\/a><\/div><\/div><\/div><div class=\"swiper-slide\"><div class=\"fusion-carousel-item-wrapper\"><div class=\"fusion-image-wrapper hover-type-none\"><a data-rel=\"iLightbox[image_carousel_1]\" href=\"http:\/\/buildnrelaxgreece.com\/wp-content\/uploads\/2017\/02\/consultance_employer_constructor04.jpg\" target=\"_self\"><img decoding=\"async\" src=\"http:\/\/buildnrelaxgreece.com\/wp-content\/uploads\/2017\/02\/consultance_employer_constructor04.jpg\" alt=\"\"\/><\/a><\/div><\/div><\/div><div class=\"swiper-slide\"><div class=\"fusion-carousel-item-wrapper\"><div class=\"fusion-image-wrapper hover-type-none\"><a data-rel=\"iLightbox[image_carousel_1]\" href=\"http:\/\/buildnrelaxgreece.com\/wp-content\/uploads\/2017\/02\/consultance_employer_constructor05.jpg\" target=\"_self\"><img decoding=\"async\" src=\"http:\/\/buildnrelaxgreece.com\/wp-content\/uploads\/2017\/02\/consultance_employer_constructor05.jpg\" alt=\"\"\/><\/a><\/div><\/div><\/div><div class=\"swiper-slide\"><div class=\"fusion-carousel-item-wrapper\"><div class=\"fusion-image-wrapper hover-type-none\"><a data-rel=\"iLightbox[image_carousel_1]\" href=\"http:\/\/buildnrelaxgreece.com\/wp-content\/uploads\/2017\/02\/consultance_employer_constructor06.jpg\" target=\"_self\"><img decoding=\"async\" src=\"http:\/\/buildnrelaxgreece.com\/wp-content\/uploads\/2017\/02\/consultance_employer_constructor06.jpg\" alt=\"\"\/><\/a><\/div><\/div><\/div><div class=\"swiper-slide\"><div class=\"fusion-carousel-item-wrapper\"><div class=\"fusion-image-wrapper hover-type-none\"><a data-rel=\"iLightbox[image_carousel_1]\" href=\"http:\/\/buildnrelaxgreece.com\/wp-content\/uploads\/2017\/02\/consultance_employer_constructor07.jpg\" target=\"_self\"><img decoding=\"async\" src=\"http:\/\/buildnrelaxgreece.com\/wp-content\/uploads\/2017\/02\/consultance_employer_constructor07.jpg\" alt=\"\"\/><\/a><\/div><\/div><\/div><div class=\"swiper-slide\"><div class=\"fusion-carousel-item-wrapper\"><div class=\"fusion-image-wrapper hover-type-none\"><a data-rel=\"iLightbox[image_carousel_1]\" href=\"http:\/\/buildnrelaxgreece.com\/wp-content\/uploads\/2017\/02\/consultance_employer_constructor08.jpg\" target=\"_self\"><img decoding=\"async\" src=\"http:\/\/buildnrelaxgreece.com\/wp-content\/uploads\/2017\/02\/consultance_employer_constructor08.jpg\" alt=\"\"\/><\/a><\/div><\/div><\/div><div class=\"swiper-slide\"><div class=\"fusion-carousel-item-wrapper\"><div class=\"fusion-image-wrapper hover-type-none\"><a data-rel=\"iLightbox[image_carousel_1]\" href=\"http:\/\/buildnrelaxgreece.com\/wp-content\/uploads\/2017\/02\/consultance_employer_constructor09.jpg\" target=\"_self\"><img decoding=\"async\" src=\"http:\/\/buildnrelaxgreece.com\/wp-content\/uploads\/2017\/02\/consultance_employer_constructor09.jpg\" alt=\"\"\/><\/a><\/div><\/div><\/div><\/div><div class=\"awb-swiper-button awb-swiper-button-prev\"><i class=\"awb-icon-angle-left\" aria-hidden=\"true\"><\/i><\/div><div class=\"awb-swiper-button awb-swiper-button-next\"><i class=\"awb-icon-angle-right\" aria-hidden=\"true\"><\/i><\/div><\/div><\/div><div class=\"fusion-clearfix\"><\/div><\/div><\/div><div class=\"fusion-layout-column fusion_builder_column fusion-builder-column-2 fusion_builder_column_5_6 5_6 fusion-five-sixth fusion-column-last\" style=\"--awb-bg-size:cover;--awb-margin-bottom:0px;width:82.6666%;\"><div class=\"fusion-column-wrapper fusion-flex-column-wrapper-legacy\"><div class=\"fusion-text fusion-text-2\"><h3><strong>Choix de la strat\u00e9gie de construction<\/strong><\/h3>\n<\/div><div class=\"fusion-text fusion-text-3\"><p>Nous fournissons une assistance dans le but de:<\/p>\n<\/div><div class=\"fusion-text fusion-text-4\"><ul>\n<li>choisir la m\u00e9thode et les mat\u00e9riaux de construction id\u00e9aux<\/li>\n<li>\u00e9laborer et r\u00e9aliser une conception \u00e9nerg\u00e9tique optimale pour les b\u00e2timents via l\u2019utilisation des syst\u00e8mes solaires passifs et actifs appropri\u00e9s ainsi que d\u2019autres solutions \u00e9nerg\u00e9tiques<\/li>\n<li>accorder l\u2019importance due \u00e0 l\u2019utilisation, \u00e0 la gestion et \u00e0 l\u2019optimisation \u00e9nerg\u00e9tiques, \u00e0 la coproduction et aux sources d\u2019\u00e9nergie alternatives et douces<\/li>\n<li>faire un suivi rigoureux de l\u2019avancement du projet (gestion de projet).<\/li>\n<\/ul>\n<\/div><div class=\"fusion-text fusion-text-5\"><h3><strong>Conseil en n\u00e9gociation-m\u00e9diation<\/strong><\/h3>\n<\/div><div class=\"fusion-text fusion-text-6\"><p>Cette d\u00e9marche comprend le suivi de l\u2019avancement d\u2019un projet et notamment :<\/p>\n<\/div><div class=\"fusion-text fusion-text-7\"><ul>\n<li>Des interventions sur la base du contrat priv\u00e9 sign\u00e9 avec chaque fournisseur dans le but d\u2019assurer l\u2019ex\u00e9cution conforme des travaux pour chaque type de travail et lors de chaque \u00e9tape du projet.<\/li>\n<li>La mise en relation directe avec le contractant concernant des d\u00e9tails et des clarifications sur l\u2019ex\u00e9cution des travaux. La mise au courant de l\u2019employeur et la planification. <\/li>\n<li>Pr\u00e9sence et suivi continus de l\u2019avancement du projet. Entrevues avec l\u2019entrepreneur et l\u2019employeur. <\/li>\n<li>Fournir une assistance \u00e0 l\u2019employeur pour ce qui est des d\u00e9comptes d\u00e9taill\u00e9s, des cotisations de s\u00e9curit\u00e9 sociale, des d\u00e9caissements envers le contractant et de la mise en place d\u2019un journal des travaux.<\/li>\n<\/ul>\n<\/div><div class=\"fusion-clearfix\"><\/div><\/div><\/div><\/div><\/div><div class=\"fusion-fullwidth fullwidth-box fusion-builder-row-3 hundred-percent-fullwidth non-hundred-percent-height-scrolling\" style=\"--awb-background-position:left top;--awb-border-radius-top-left:0px;--awb-border-radius-top-right:0px;--awb-border-radius-bottom-right:0px;--awb-border-radius-bottom-left:0px;--awb-padding-top:0px;--awb-padding-right:40px;--awb-padding-bottom:10px;--awb-padding-left:40px;--awb-border-sizes-top:0px;--awb-border-sizes-bottom:0px;--awb-flex-wrap:wrap;\" ><div class=\"fusion-builder-row fusion-row\"><div class=\"fusion-layout-column fusion_builder_column fusion-builder-column-3 fusion_builder_column_1_1 1_1 fusion-one-full fusion-column-first fusion-column-last\" style=\"--awb-bg-size:cover;\"><div class=\"fusion-column-wrapper fusion-flex-column-wrapper-legacy\"><div class=\"fusion-text fusion-text-8\"><h2 style=\"text-align: center;\"><strong>Contr\u00f4le de l\u00e9galit\u00e9<\/strong><\/h2>\n<\/div><div class=\"fusion-clearfix\"><\/div><\/div><\/div><\/div><\/div><div class=\"fusion-fullwidth fullwidth-box fusion-builder-row-4 hundred-percent-fullwidth non-hundred-percent-height-scrolling\" style=\"--awb-background-position:left top;--awb-border-radius-top-left:0px;--awb-border-radius-top-right:0px;--awb-border-radius-bottom-right:0px;--awb-border-radius-bottom-left:0px;--awb-padding-top:0px;--awb-padding-right:40px;--awb-padding-bottom:50px;--awb-padding-left:40px;--awb-border-sizes-top:0px;--awb-border-sizes-bottom:0px;--awb-flex-wrap:wrap;\" ><div class=\"fusion-builder-row fusion-row\"><div class=\"fusion-layout-column fusion_builder_column fusion-builder-column-4 fusion_builder_column_1_6 1_6 fusion-one-sixth fusion-column-first\" style=\"--awb-bg-size:cover;width:13.3333%; margin-right: 4%;\"><div class=\"fusion-column-wrapper fusion-flex-column-wrapper-legacy\"><div class=\"fusion-image-carousel fusion-image-carousel-auto fusion-image-carousel-2 lightbox-enabled\"><div class=\"awb-carousel awb-swiper awb-swiper-carousel\" data-autoplay=\"no\" data-columns=\"1\" data-itemmargin=\"13\" data-itemwidth=\"180\" data-touchscroll=\"no\" data-imagesize=\"auto\" style=\"--awb-columns:1;\"><div class=\"swiper-wrapper awb-image-carousel-wrapper fusion-flex-align-items-center\"><div class=\"swiper-slide\"><div class=\"fusion-carousel-item-wrapper\"><div class=\"fusion-image-wrapper hover-type-none\"><a data-rel=\"iLightbox[image_carousel_2]\" href=\"http:\/\/buildnrelaxgreece.com\/wp-content\/uploads\/2017\/02\/consultance_employer_constructor15.jpg\" target=\"_self\"><img decoding=\"async\" src=\"http:\/\/buildnrelaxgreece.com\/wp-content\/uploads\/2017\/02\/consultance_employer_constructor15.jpg\" alt=\"\"\/><\/a><\/div><\/div><\/div><div class=\"swiper-slide\"><div class=\"fusion-carousel-item-wrapper\"><div class=\"fusion-image-wrapper hover-type-none\"><a data-rel=\"iLightbox[image_carousel_2]\" href=\"http:\/\/buildnrelaxgreece.com\/wp-content\/uploads\/2017\/02\/consultance_employer_constructor14.jpg\" target=\"_self\"><img decoding=\"async\" src=\"http:\/\/buildnrelaxgreece.com\/wp-content\/uploads\/2017\/02\/consultance_employer_constructor14.jpg\" alt=\"\"\/><\/a><\/div><\/div><\/div><div class=\"swiper-slide\"><div class=\"fusion-carousel-item-wrapper\"><div class=\"fusion-image-wrapper hover-type-none\"><a data-rel=\"iLightbox[image_carousel_2]\" href=\"http:\/\/buildnrelaxgreece.com\/wp-content\/uploads\/2017\/02\/consultance_employer_constructor13.jpg\" target=\"_self\"><img decoding=\"async\" src=\"http:\/\/buildnrelaxgreece.com\/wp-content\/uploads\/2017\/02\/consultance_employer_constructor13.jpg\" alt=\"\"\/><\/a><\/div><\/div><\/div><\/div><div class=\"awb-swiper-button awb-swiper-button-prev\"><i class=\"awb-icon-angle-left\" aria-hidden=\"true\"><\/i><\/div><div class=\"awb-swiper-button awb-swiper-button-next\"><i class=\"awb-icon-angle-right\" aria-hidden=\"true\"><\/i><\/div><\/div><\/div><div class=\"fusion-clearfix\"><\/div><\/div><\/div><div class=\"fusion-layout-column fusion_builder_column fusion-builder-column-5 fusion_builder_column_5_6 5_6 fusion-five-sixth fusion-column-last\" style=\"--awb-bg-size:cover;width:82.6666%;\"><div class=\"fusion-column-wrapper fusion-flex-column-wrapper-legacy\"><div class=\"fusion-text fusion-text-9\"><h3><strong>Mise en r\u00e8gle de constructions hors normes \u2013 r\u00e9novation \u2013 \u00e9valuation \u2013 plan d\u2019investissement<\/strong><\/h3>\n<\/div><div class=\"fusion-text fusion-text-10\"><p>Nous inspectons les b\u00e2timents pour \u00e9valuer la pr\u00e9sence d\u2019\u00e9l\u00e9ments hors normes, nous \u00e9valuons le bien et nous vous proposons des mises \u00e0 niveau sur les plans esth\u00e9tique, statique et \u00e9nerg\u00e9tique. Plus en pr\u00e9cis\u00e9ment:<\/p>\n<\/div><div class=\"fusion-text fusion-text-11\"><ul>\n<li>Nous examinons la l\u00e9galit\u00e9 du bien, en tenant compte de toutes les pi\u00e8ces justificatives et autres documents requis.<\/li>\n<li>Nous inspectons le b\u00e2timent et le terrain (contr\u00f4le visuel). Nous estimons la valeur du bien. Nous faisons une premi\u00e8re estimation des co\u00fbts de reconstruction.  <\/li>\n<li>Nous vous pr\u00e9sentons des propositions de reconstruction (plans architecturaux) et le co\u00fbt total de reconstruction. Nous vous aidons \u00e0 promouvoir le bien \u00e0 vendre aupr\u00e8s de grandes agences immobili\u00e8res. <\/li>\n<li>Nous \u00e9tudions la possibilit\u00e9 de subventionnement via un soutien consultatif pour une \u00e9ventuelle inclusion dans des programmes d\u2019investissement avec des fonds fournis en vertu de diff\u00e9rentes lois portant sur le d\u00e9veloppement<\/li>\n<\/ul>\n<\/div><div class=\"fusion-text fusion-text-12\"><p>Pour les biens jouissant d\u2019un emplacement privil\u00e9gi\u00e9, comme par exemple les b\u00e2timents d\u2019int\u00e9r\u00eat historique ou les b\u00e2timents situ\u00e9s dans un lieu d\u2019une beaut\u00e9 exceptionnelle ou disposant de caract\u00e9ristiques esth\u00e9tiques particuli\u00e8res, outre les \u00e9tapes pr\u00e9cit\u00e9es, le processus suivi comprend \u00e9galement ce qui suit:<\/p>\n<\/div><div class=\"fusion-text fusion-text-13\"><ul>\n<li>Nous prenons en compte et \u00e9valuons toutes les particularit\u00e9s. Nous recherchons et r\u00e9digeons toute pi\u00e8ce justificative et autres documents n\u00e9cessaires.<\/li>\n<li>Nous \u00e9laborons un projet de d\u00e9veloppement immobilier pour le bien en question et nous vous pr\u00e9sentons diff\u00e9rentes propositions:<\/li>\n<li>Nous nous chargeons de la promotion et de la diffusion de la mise en vente du bien en tant que r\u00e9sidence, h\u00f4tel ou autre.<\/li>\n<\/ul>\n<\/div><div class=\"fusion-text fusion-text-14\"><p>Pour les biens jouissant d\u2019un emplacement privil\u00e9gi\u00e9, comme par exemple les b\u00e2timents d\u2019int\u00e9r\u00eat historique ou les b\u00e2timents situ\u00e9s dans un lieu d\u2019une beaut\u00e9 exceptionnelle ou disposant de caract\u00e9ristiques esth\u00e9tiques particuli\u00e8res, outre les \u00e9tapes pr\u00e9cit\u00e9es, le processus suivi comprend \u00e9galement ce qui suit:<\/p>\n<\/div><div class=\"fusion-text fusion-text-15\"><h3><strong>Caract\u00e9ristiques du b\u00e2timent<\/strong><\/h3>\n<ul>\n<li>Pr\u00e9paration d\u2019un dossier exhaustif et t\u00e9l\u00e9versement des pi\u00e8ces justificatives n\u00e9cessaires sur la plateforme de la Chambre technique de Gr\u00e8ce (T.E.E.).<\/li>\n<\/ul>\n<\/div><div class=\"fusion-clearfix\"><\/div><\/div><\/div><\/div><\/div><\/p>\n","protected":false},"excerpt":{"rendered":"","protected":false},"author":1,"featured_media":0,"parent":0,"menu_order":0,"comment_status":"closed","ping_status":"open","template":"100-width.php","meta":{"_monsterinsights_skip_tracking":false,"_monsterinsights_sitenote_active":false,"_monsterinsights_sitenote_note":"","_monsterinsights_sitenote_category":0,"footnotes":""},"class_list":["post-5766","page","type-page","status-publish","hentry"],"yoast_head":"<!-- This site is optimized with the Yoast SEO plugin v23.2 - https:\/\/yoast.com\/wordpress\/plugins\/seo\/ -->\n<title>Conseil - Build and Relax | Greece<\/title>\n<meta name=\"robots\" content=\"index, follow, max-snippet:-1, max-image-preview:large, max-video-preview:-1\" \/>\n<link rel=\"canonical\" href=\"https:\/\/buildnrelaxgreece.com\/consultance\/\" \/>\n<meta property=\"og:locale\" content=\"fr_FR\" \/>\n<meta property=\"og:type\" content=\"article\" \/>\n<meta property=\"og:title\" content=\"Conseil - Build and Relax | Greece\" \/>\n<meta property=\"og:url\" content=\"https:\/\/buildnrelaxgreece.com\/consultance\/\" \/>\n<meta property=\"og:site_name\" content=\"Build and Relax | Greece\" \/>\n<meta property=\"article:publisher\" content=\"https:\/\/www.facebook.com\/buildnrelaxgreece.gr\/\" \/>\n<meta property=\"article:modified_time\" content=\"2024-08-06T13:45:50+00:00\" \/>\n<meta name=\"twitter:card\" content=\"summary_large_image\" \/>\n<meta name=\"twitter:label1\" content=\"Dur\u00e9e de lecture estim\u00e9e\" \/>\n\t<meta name=\"twitter:data1\" content=\"8 minutes\" \/>\n<script type=\"application\/ld+json\" class=\"yoast-schema-graph\">{\"@context\":\"https:\/\/schema.org\",\"@graph\":[{\"@type\":\"WebPage\",\"@id\":\"https:\/\/buildnrelaxgreece.com\/consultance\/\",\"url\":\"https:\/\/buildnrelaxgreece.com\/consultance\/\",\"name\":\"Conseil - Build and Relax | Greece\",\"isPartOf\":{\"@id\":\"https:\/\/buildnrelaxgreece.com\/#website\"},\"datePublished\":\"2017-02-16T18:27:58+00:00\",\"dateModified\":\"2024-08-06T13:45:50+00:00\",\"breadcrumb\":{\"@id\":\"https:\/\/buildnrelaxgreece.com\/consultance\/#breadcrumb\"},\"inLanguage\":\"fr-FR\",\"potentialAction\":[{\"@type\":\"ReadAction\",\"target\":[\"https:\/\/buildnrelaxgreece.com\/consultance\/\"]}]},{\"@type\":\"BreadcrumbList\",\"@id\":\"https:\/\/buildnrelaxgreece.com\/consultance\/#breadcrumb\",\"itemListElement\":[{\"@type\":\"ListItem\",\"position\":1,\"name\":\"Home\",\"item\":\"https:\/\/buildnrelaxgreece.com\/fr\/\"},{\"@type\":\"ListItem\",\"position\":2,\"name\":\"Conseil\"}]},{\"@type\":\"WebSite\",\"@id\":\"https:\/\/buildnrelaxgreece.com\/#website\",\"url\":\"https:\/\/buildnrelaxgreece.com\/\",\"name\":\"Build and Relax | Greece\",\"description\":\"\",\"potentialAction\":[{\"@type\":\"SearchAction\",\"target\":{\"@type\":\"EntryPoint\",\"urlTemplate\":\"https:\/\/buildnrelaxgreece.com\/?s={search_term_string}\"},\"query-input\":\"required name=search_term_string\"}],\"inLanguage\":\"fr-FR\"}]}<\/script>\n<!-- \/ Yoast SEO plugin. -->","yoast_head_json":{"title":"Conseil - Build and Relax | Greece","robots":{"index":"index","follow":"follow","max-snippet":"max-snippet:-1","max-image-preview":"max-image-preview:large","max-video-preview":"max-video-preview:-1"},"canonical":"https:\/\/buildnrelaxgreece.com\/consultance\/","og_locale":"fr_FR","og_type":"article","og_title":"Conseil - Build and Relax | Greece","og_url":"https:\/\/buildnrelaxgreece.com\/consultance\/","og_site_name":"Build and Relax | Greece","article_publisher":"https:\/\/www.facebook.com\/buildnrelaxgreece.gr\/","article_modified_time":"2024-08-06T13:45:50+00:00","twitter_card":"summary_large_image","twitter_misc":{"Dur\u00e9e de lecture estim\u00e9e":"8 minutes"},"schema":{"@context":"https:\/\/schema.org","@graph":[{"@type":"WebPage","@id":"https:\/\/buildnrelaxgreece.com\/consultance\/","url":"https:\/\/buildnrelaxgreece.com\/consultance\/","name":"Conseil - Build and Relax | Greece","isPartOf":{"@id":"https:\/\/buildnrelaxgreece.com\/#website"},"datePublished":"2017-02-16T18:27:58+00:00","dateModified":"2024-08-06T13:45:50+00:00","breadcrumb":{"@id":"https:\/\/buildnrelaxgreece.com\/consultance\/#breadcrumb"},"inLanguage":"fr-FR","potentialAction":[{"@type":"ReadAction","target":["https:\/\/buildnrelaxgreece.com\/consultance\/"]}]},{"@type":"BreadcrumbList","@id":"https:\/\/buildnrelaxgreece.com\/consultance\/#breadcrumb","itemListElement":[{"@type":"ListItem","position":1,"name":"Home","item":"https:\/\/buildnrelaxgreece.com\/fr\/"},{"@type":"ListItem","position":2,"name":"Conseil"}]},{"@type":"WebSite","@id":"https:\/\/buildnrelaxgreece.com\/#website","url":"https:\/\/buildnrelaxgreece.com\/","name":"Build and Relax | Greece","description":"","potentialAction":[{"@type":"SearchAction","target":{"@type":"EntryPoint","urlTemplate":"https:\/\/buildnrelaxgreece.com\/?s={search_term_string}"},"query-input":"required name=search_term_string"}],"inLanguage":"fr-FR"}]}},"_links":{"self":[{"href":"https:\/\/buildnrelaxgreece.com\/fr\/wp-json\/wp\/v2\/pages\/5766"}],"collection":[{"href":"https:\/\/buildnrelaxgreece.com\/fr\/wp-json\/wp\/v2\/pages"}],"about":[{"href":"https:\/\/buildnrelaxgreece.com\/fr\/wp-json\/wp\/v2\/types\/page"}],"author":[{"embeddable":true,"href":"https:\/\/buildnrelaxgreece.com\/fr\/wp-json\/wp\/v2\/users\/1"}],"replies":[{"embeddable":true,"href":"https:\/\/buildnrelaxgreece.com\/fr\/wp-json\/wp\/v2\/comments?post=5766"}],"version-history":[{"count":2,"href":"https:\/\/buildnrelaxgreece.com\/fr\/wp-json\/wp\/v2\/pages\/5766\/revisions"}],"predecessor-version":[{"id":5783,"href":"https:\/\/buildnrelaxgreece.com\/fr\/wp-json\/wp\/v2\/pages\/5766\/revisions\/5783"}],"wp:attachment":[{"href":"https:\/\/buildnrelaxgreece.com\/fr\/wp-json\/wp\/v2\/media?parent=5766"}],"curies":[{"name":"wp","href":"https:\/\/api.w.org\/{rel}","templated":true}]}}